{"id":10,"date":"2016-02-28T21:37:53","date_gmt":"2016-02-28T20:37:53","guid":{"rendered":"http:\/\/wp.hispeed.pl\/?page_id=10"},"modified":"2022-10-12T13:47:40","modified_gmt":"2022-10-12T11:47:40","slug":"test","status":"publish","type":"page","link":"http:\/\/www.hispeed.pl\/?page_id=10","title":{"rendered":"Internet"},"content":{"rendered":"<div class=\"container marketing\">\n<p><!-- Three columns of text below the carousel --><\/p>\n<div class=\"row\">\n<div class=\"col-lg-4\">\n<h2>Internet kablowy &#8211; Hel<\/h2>\n<p>Jest to najszybsza oferowana przez nas opcja dost\u0119pu do Internetu. Przy\u0142\u0105cza na terenie Helu wykonujemy w technologii FTTx oraz FTTH.<\/p>\n<p><a class=\"btn btn-default\" href=\"?page_id=209\">Wi\u0119cej \u00bb<\/a><\/p>\n<h2>Internet kablowy &#8211; Jurata<\/h2>\n<p>Jest to oferta kablowego dost\u0119pu do Internetu w Juracie.<\/p>\n<p><a class=\"btn btn-default\" href=\"?page_id=43\">Wi\u0119cej \u00bb<\/a><\/p>\n<\/div>\n<p><!-- \/.col-lg-4 --><\/p>\n<div class=\"col-lg-4\">\n<h2>Internet radiowy<\/h2>\n<p>Jest to opcja dost\u0119pu g\u0142\u00f3wnie dla dom\u00f3w jednorodzinnych poza obszarem miasta Helu. Nasze \u0142\u0105cza radiowe charakteryzuj\u0105 si\u0119 du\u017c\u0105 stabilno\u015bci\u0105.<\/p>\n<p><a class=\"btn btn-default\" href=\"?page_id=92\">Wi\u0119cej \u00bb<\/a><\/p>\n<\/div>\n<p><!-- \/.col-lg-4 --><\/p>\n<p><!-- \/.col-lg-4 --><\/p>\n<\/div>\n<p><!-- \/.row --><\/p>\n<\/div>\n","protected":false},"excerpt":{"rendered":"<p>Internet kablowy &#8211; Hel Jest to najszybsza oferowana przez nas opcja dost\u0119pu do Internetu. Przy\u0142\u0105cza na terenie Helu wykonujemy w technologii FTTx oraz FTTH. Wi\u0119cej \u00bb Internet kablowy &#8211; Jurata Jest to oferta kablowego dost\u0119pu do Internetu w Juracie. Wi\u0119cej \u00bb Internet radiowy Jest to opcja dost\u0119pu g\u0142\u00f3wnie dla dom\u00f3w jednorodzinnych poza obszarem miasta Helu. [&hellip;]<\/p>\n","protected":false},"author":1,"featured_media":0,"parent":0,"menu_order":0,"comment_status":"closed","ping_status":"closed","template":"","meta":[],"_links":{"self":[{"href":"http:\/\/www.hispeed.pl\/index.php?rest_route=\/wp\/v2\/pages\/10"}],"collection":[{"href":"http:\/\/www.hispeed.pl\/index.php?rest_route=\/wp\/v2\/pages"}],"about":[{"href":"http:\/\/www.hispeed.pl\/index.php?rest_route=\/wp\/v2\/types\/page"}],"author":[{"embeddable":true,"href":"http:\/\/www.hispeed.pl\/index.php?rest_route=\/wp\/v2\/users\/1"}],"replies":[{"embeddable":true,"href":"http:\/\/www.hispeed.pl\/index.php?rest_route=%2Fwp%2Fv2%2Fcomments&post=10"}],"version-history":[{"count":15,"href":"http:\/\/www.hispeed.pl\/index.php?rest_route=\/wp\/v2\/pages\/10\/revisions"}],"predecessor-version":[{"id":312,"href":"http:\/\/www.hispeed.pl\/index.php?rest_route=\/wp\/v2\/pages\/10\/revisions\/312"}],"wp:attachment":[{"href":"http:\/\/www.hispeed.pl\/index.php?rest_route=%2Fwp%2Fv2%2Fmedia&parent=10"}],"curies":[{"name":"wp","href":"https:\/\/api.w.org\/{rel}","templated":true}]}}