{"id":177,"date":"2018-05-25T00:04:54","date_gmt":"2018-05-24T22:04:54","guid":{"rendered":"http:\/\/www.hispeed.pl\/?page_id=177"},"modified":"2018-05-25T00:09:41","modified_gmt":"2018-05-24T22:09:41","slug":"rodo","status":"publish","type":"page","link":"http:\/\/www.hispeed.pl\/?page_id=177","title":{"rendered":"RODO"},"content":{"rendered":"<h3>Od 25 maja 2018 r. w Unii Europejskiej stosujemy przepisy Rozporz\u0105dzenia Og\u00f3lnego o Danych<br \/>\nOsobowych (RODO), czyli Rozporz\u0105dzenia Parlamentu Europejskiego i Rady (UE) 2016\/679 z dnia 27<br \/>\nkwietnia 2016 r. w sprawie ochrony os\u00f3b fizycznych w zwi\u0105zku z przetwarzaniem danych osobowych i w<br \/>\nsprawie swobodnego przep\u0142ywu takich danych oraz uchylenia dyrektywy 95\/46\/WE.<\/h3>\n<div>Pod poni\u017cszym linkiem znajduje si\u0119 pe\u0142na tre\u015b\u0107 komunikatu dotycz\u0105cego RODO w naszej firmie<br \/>\n<a href=\"http:\/\/ebok.hispeed.pl\/rodo-spedia.pdf\" target=\"_blank\">TRE\u015a\u0106 KOMUNIKATU<\/a><\/div>\n","protected":false},"excerpt":{"rendered":"<p>Od 25 maja 2018 r. w Unii Europejskiej stosujemy przepisy Rozporz\u0105dzenia Og\u00f3lnego o Danych Osobowych (RODO), czyli Rozporz\u0105dzenia Parlamentu Europejskiego i Rady (UE) 2016\/679 z dnia 27 kwietnia 2016 r. w sprawie ochrony os\u00f3b fizycznych w zwi\u0105zku z przetwarzaniem danych osobowych i w sprawie swobodnego przep\u0142ywu takich danych oraz uchylenia dyrektywy 95\/46\/WE. Pod poni\u017cszym linkiem [&hellip;]<\/p>\n","protected":false},"author":1,"featured_media":0,"parent":0,"menu_order":0,"comment_status":"closed","ping_status":"closed","template":"","meta":[],"_links":{"self":[{"href":"http:\/\/www.hispeed.pl\/index.php?rest_route=\/wp\/v2\/pages\/177"}],"collection":[{"href":"http:\/\/www.hispeed.pl\/index.php?rest_route=\/wp\/v2\/pages"}],"about":[{"href":"http:\/\/www.hispeed.pl\/index.php?rest_route=\/wp\/v2\/types\/page"}],"author":[{"embeddable":true,"href":"http:\/\/www.hispeed.pl\/index.php?rest_route=\/wp\/v2\/users\/1"}],"replies":[{"embeddable":true,"href":"http:\/\/www.hispeed.pl\/index.php?rest_route=%2Fwp%2Fv2%2Fcomments&post=177"}],"version-history":[{"count":6,"href":"http:\/\/www.hispeed.pl\/index.php?rest_route=\/wp\/v2\/pages\/177\/revisions"}],"predecessor-version":[{"id":185,"href":"http:\/\/www.hispeed.pl\/index.php?rest_route=\/wp\/v2\/pages\/177\/revisions\/185"}],"wp:attachment":[{"href":"http:\/\/www.hispeed.pl\/index.php?rest_route=%2Fwp%2Fv2%2Fmedia&parent=177"}],"curies":[{"name":"wp","href":"https:\/\/api.w.org\/{rel}","templated":true}]}}