{"id":209,"date":"2019-04-16T23:07:20","date_gmt":"2019-04-16T21:07:20","guid":{"rendered":"http:\/\/www.hispeed.pl\/?page_id=209"},"modified":"2026-02-12T13:39:34","modified_gmt":"2026-02-12T12:39:34","slug":"internet-kablowy-asymetryczny-hel","status":"publish","type":"page","link":"http:\/\/www.hispeed.pl\/?page_id=209","title":{"rendered":"Internet kablowy &#8211; Hel"},"content":{"rendered":"<div class=\"panel panel-default\">\n<div class=\"panel-heading\">\n<h3><u>Internet kablowy dla klient\u00f3w indywidualnych w Helu, op\u0142aty miesi\u0119czne:<\/u><\/h3>\n<\/div>\n<div class=\"panel-body\">\n<table class=\"table taryfy\" style=\"height: 103px;\" width=\"805\">\n<tbody>\n<tr>\n<td style=\"text-align: center; width: 285.667px;\"><span style=\"color: #000000;\"><strong>Pobieranie max<\/strong><\/span><\/td>\n<td style=\"text-align: center; width: 277.3px;\"><span style=\"color: #000000;\"><strong>Wysy\u0142anie max<\/strong><\/span><\/td>\n<td style=\"text-align: center; width: 221.633px;\"><span style=\"color: #000000;\"><strong>Cena brutto<\/strong><\/span><\/td>\n<\/tr>\n<tr style=\"background-color: #00cc66;\">\n<td style=\"text-align: center; width: 285.667px;\"><strong><span style=\"color: #000000;\">300Mbps<\/span><\/strong><\/td>\n<td style=\"text-align: center; width: 277.3px;\"><strong><span style=\"color: #000000;\">30Mbps<\/span><\/strong><\/td>\n<td style=\"text-align: center; width: 221.633px;\"><strong><span style=\"color: #000000;\">50 z\u0142<\/span><\/strong><\/td>\n<\/tr>\n<tr style=\"background-color: #ff9900;\">\n<td style=\"text-align: center; width: 285.667px;\"><strong><span style=\"color: #000000;\">600Mbps<\/span><\/strong><\/td>\n<td style=\"text-align: center; width: 277.3px;\"><strong><span style=\"color: #000000;\">60Mbps<\/span><\/strong><\/td>\n<td style=\"text-align: center; width: 221.633px;\"><strong><span style=\"color: #000000;\">70 z\u0142<\/span><\/strong><\/td>\n<\/tr>\n<tr style=\"background-color: #ff0000;\">\n<td style=\"text-align: center; width: 285.667px;\"><strong><span style=\"color: #000000;\">1000Mbps<\/span><\/strong><\/td>\n<td style=\"text-align: center; width: 277.3px;\"><strong><span style=\"color: #000000;\">100Mbps<\/span><\/strong><\/td>\n<td style=\"text-align: center; width: 221.633px;\"><strong><span style=\"color: #000000;\">85 z\u0142<\/span><\/strong><\/td>\n<\/tr>\n<\/tbody>\n<\/table>\n<pre><span style=\"font-size: 12pt;\">1) Abonament dost\u0119pny w Twojej lokalizacji jest zale\u017cny od technologii w jakiej jeste\u015b pod\u0142\u0105czony do sieci.  \n<\/span><span style=\"font-size: 12pt;\">2) Dzier\u017cawa routera WiFi 6 Gigabit Dualband (2,4 + 5 GHz) + 6 z\u0142 \/ miesi\u0105c<\/span><\/pre>\n<\/div>\n<div class=\"panel-body\">\n<p><span style=\"text-decoration: underline;\"><strong>INSTALACJA kabel miedziany od 1 z\u0142<\/strong><\/span><\/p>\n<p><span style=\"text-decoration: underline;\"><strong>INSTALACJA \u015bwiat\u0142ow\u00f3d FTTH od 290 z\u0142<\/strong><\/span><\/p>\n<p><span style=\"text-decoration: underline;\"><strong>AKTYWACJA 50 z\u0142<\/strong><br \/>\n<\/span><\/p>\n<h1>Czas trwania umowy = 24 miesi\u0105ce<\/h1>\n<p><strong>Oferta dla klient\u00f3w biznesowych jest ustalana indywidualnie i dopasowywana do potrzeb prowadzonej dzia\u0142alno\u015bci. W celu wyceny us\u0142ugi biznesowej prosimy o kontakt.<\/strong><\/p>\n<\/div>\n<\/div>\n","protected":false},"excerpt":{"rendered":"<p>Internet kablowy dla klient\u00f3w indywidualnych w Helu, op\u0142aty miesi\u0119czne: Pobieranie max Wysy\u0142anie max Cena brutto 300Mbps 30Mbps 50 z\u0142 600Mbps 60Mbps 70 z\u0142 1000Mbps 100Mbps 85 z\u0142 1) Abonament dost\u0119pny w Twojej lokalizacji jest zale\u017cny od technologii w jakiej jeste\u015b pod\u0142\u0105czony do sieci. 2) Dzier\u017cawa routera WiFi 6 Gigabit Dualband (2,4 + 5 GHz) + [&hellip;]<\/p>\n","protected":false},"author":1,"featured_media":0,"parent":10,"menu_order":0,"comment_status":"closed","ping_status":"closed","template":"","meta":[],"_links":{"self":[{"href":"http:\/\/www.hispeed.pl\/index.php?rest_route=\/wp\/v2\/pages\/209"}],"collection":[{"href":"http:\/\/www.hispeed.pl\/index.php?rest_route=\/wp\/v2\/pages"}],"about":[{"href":"http:\/\/www.hispeed.pl\/index.php?rest_route=\/wp\/v2\/types\/page"}],"author":[{"embeddable":true,"href":"http:\/\/www.hispeed.pl\/index.php?rest_route=\/wp\/v2\/users\/1"}],"replies":[{"embeddable":true,"href":"http:\/\/www.hispeed.pl\/index.php?rest_route=%2Fwp%2Fv2%2Fcomments&post=209"}],"version-history":[{"count":23,"href":"http:\/\/www.hispeed.pl\/index.php?rest_route=\/wp\/v2\/pages\/209\/revisions"}],"predecessor-version":[{"id":330,"href":"http:\/\/www.hispeed.pl\/index.php?rest_route=\/wp\/v2\/pages\/209\/revisions\/330"}],"up":[{"embeddable":true,"href":"http:\/\/www.hispeed.pl\/index.php?rest_route=\/wp\/v2\/pages\/10"}],"wp:attachment":[{"href":"http:\/\/www.hispeed.pl\/index.php?rest_route=%2Fwp%2Fv2%2Fmedia&parent=209"}],"curies":[{"name":"wp","href":"https:\/\/api.w.org\/{rel}","templated":true}]}}