{"id":31,"date":"2017-04-15T10:09:50","date_gmt":"2017-04-15T08:09:50","guid":{"rendered":"http:\/\/wp.hispeed.pl\/?page_id=31"},"modified":"2026-03-23T08:19:19","modified_gmt":"2026-03-23T07:19:19","slug":"kontakt","status":"publish","type":"page","link":"http:\/\/www.hispeed.pl\/?page_id=31","title":{"rendered":"Kontakt"},"content":{"rendered":"<p><strong><span style=\"text-decoration: underline;\"><span style=\"font-size: 14pt;\">Operator sieci HiSpeed.pl:<\/span><\/span><\/strong><\/p>\n<p>&#8222;DS Project&#8221; Damian Siwek<\/p>\n<p>Biuro Obs\u0142ugi Klienta<\/p>\n<p>ul. \u017beromskiego 14\/1<\/p>\n<p>84-150 Hel<\/p>\n<p><strong><span style=\"text-decoration: underline; font-size: 14pt;\">Dni i godziny pracy stacjonarnego Biura Obs\u0142ugi Klienta:<\/span><\/strong><\/p>\n<p>czwartek: 8:00-16:00<\/p>\n<p>Informacj\u0119 o dost\u0119pno\u015bci dla os\u00f3b z niepe\u0142nosprawno\u015bciami znajd\u0105 Pa\u0144stwo w zak\u0142adce <strong>&#8222;Dost\u0119pno\u015b\u0107&#8221;<\/strong><\/p>\n<p><strong><span style=\"text-decoration: underline;\"><span style=\"font-size: 14pt;\">Kontakt telefoniczny z biurem:<\/span><\/span><\/strong><\/p>\n<p>tel. kom. 500 63 64 35<\/p>\n<p>poniedzia\u0142ek &#8211; pi\u0105tek: 10:00 &#8211; 20:00<\/p>\n<p>sobota: 10:00 &#8211; 15:00<\/p>\n<p><strong><span style=\"text-decoration: underline;\"><span style=\"font-size: 14pt;\">Poczta elektroniczna:<\/span><\/span><\/strong><\/p>\n<p>bok@hispeed.pl<\/p>\n<p><span style=\"font-size: 24pt;\"><a href=\"http:\/\/www.hispeed.pl\/?page_id=2\">Dane kontaktowe do serwisu znajduj\u0105 si\u0119 w zak\u0142adce Serwis<\/a><\/span><\/p>\n","protected":false},"excerpt":{"rendered":"<p>Operator sieci HiSpeed.pl: &#8222;DS Project&#8221; Damian Siwek Biuro Obs\u0142ugi Klienta ul. \u017beromskiego 14\/1 84-150 Hel Dni i godziny pracy stacjonarnego Biura Obs\u0142ugi Klienta: czwartek: 8:00-16:00 Informacj\u0119 o dost\u0119pno\u015bci dla os\u00f3b z niepe\u0142nosprawno\u015bciami znajd\u0105 Pa\u0144stwo w zak\u0142adce &#8222;Dost\u0119pno\u015b\u0107&#8221; Kontakt telefoniczny z biurem: tel. kom. 500 63 64 35 poniedzia\u0142ek &#8211; pi\u0105tek: 10:00 &#8211; 20:00 sobota: 10:00 [&hellip;]<\/p>\n","protected":false},"author":1,"featured_media":0,"parent":0,"menu_order":0,"comment_status":"closed","ping_status":"closed","template":"","meta":[],"_links":{"self":[{"href":"http:\/\/www.hispeed.pl\/index.php?rest_route=\/wp\/v2\/pages\/31"}],"collection":[{"href":"http:\/\/www.hispeed.pl\/index.php?rest_route=\/wp\/v2\/pages"}],"about":[{"href":"http:\/\/www.hispeed.pl\/index.php?rest_route=\/wp\/v2\/types\/page"}],"author":[{"embeddable":true,"href":"http:\/\/www.hispeed.pl\/index.php?rest_route=\/wp\/v2\/users\/1"}],"replies":[{"embeddable":true,"href":"http:\/\/www.hispeed.pl\/index.php?rest_route=%2Fwp%2Fv2%2Fcomments&post=31"}],"version-history":[{"count":20,"href":"http:\/\/www.hispeed.pl\/index.php?rest_route=\/wp\/v2\/pages\/31\/revisions"}],"predecessor-version":[{"id":337,"href":"http:\/\/www.hispeed.pl\/index.php?rest_route=\/wp\/v2\/pages\/31\/revisions\/337"}],"wp:attachment":[{"href":"http:\/\/www.hispeed.pl\/index.php?rest_route=%2Fwp%2Fv2%2Fmedia&parent=31"}],"curies":[{"name":"wp","href":"https:\/\/api.w.org\/{rel}","templated":true}]}}