{"id":338,"date":"2026-03-23T08:21:27","date_gmt":"2026-03-23T07:21:27","guid":{"rendered":"http:\/\/www.hispeed.pl\/?page_id=338"},"modified":"2026-03-24T16:00:03","modified_gmt":"2026-03-24T15:00:03","slug":"dostepnosc","status":"publish","type":"page","link":"http:\/\/www.hispeed.pl\/?page_id=338","title":{"rendered":"Dost\u0119pno\u015b\u0107"},"content":{"rendered":"\n<p><strong>Udogodnienia dla os\u00f3b z niepe\u0142nosprawno\u015bciami<\/strong><\/p>\n\n\n\n<p>D\u0105\u017cymy do zapewnienia pe\u0142nego i r\u00f3wnego dost\u0119pu do naszych us\u0142ug dla wszystkich klient\u00f3w. Zgodnie z Rozporz\u0105dzeniem Ministra Administracji i Cyfryzacji z dnia 26 marca 2014 r., nasze Biuro Obs\u0142ugi Klienta (BOK) zosta\u0142o wyposa\u017cone w nast\u0119puj\u0105ce udogodnienia:<\/p>\n\n\n\n<p><strong>1. Obs\u0142uga os\u00f3b s\u0142abos\u0142ysz\u0105cych i nies\u0142ysz\u0105cych<\/strong><\/p>\n\n\n\n<ul><li><strong>P\u0119tla indukcyjna:<\/strong> Nasze stanowisko obs\u0142ugi posiada stacjonarn\u0105 p\u0119tl\u0119 indukcyjn\u0105, kt\u00f3ra umo\u017cliwia komfortow\u0105 komunikacj\u0119 osobom korzystaj\u0105cym z aparat\u00f3w s\u0142uchowych (w trybie \u201eT\u201d).<\/li><li><strong>T\u0142umacz J\u0119zyka Migowego (PJM):<\/strong> Zapewniamy bezp\u0142atne po\u0142\u0105czenie z t\u0142umaczem polskiego j\u0119zyka migowego online w godzinach pracy biura. Prosimy o zg\u0142oszenie ch\u0119ci skorzystania z tej us\u0142ugi pracownikowi BOK.<\/li><\/ul>\n\n\n\n<p><strong>2. Dost\u0119pno\u015b\u0107 architektoniczna<\/strong><\/p>\n\n\n\n<ul><li>Przy wej\u015bciu do budynku (na dole schod\u00f3w) znajduje si\u0119 <strong>dzwonek przywo\u0142awczy<\/strong>. Po jego u\u017cyciu nasz pracownik niezw\u0142ocznie zejdzie do Pa\u0144stwa, aby pom\u00f3c w dost\u0119pie do biura lub umo\u017cliwi\u0107 obs\u0142ug\u0119 w dogodnej formie.<\/li><li>W przypadku braku mo\u017cliwo\u015bci wej\u015bcia do biura, oferujemy <strong>bezp\u0142atn\u0105 obs\u0142ug\u0119 alternatywn\u0105<\/strong> w miejscu wskazanym przez klienta po uprzednim kontakcie telefonicznym pod numerem: <strong>500 63 64 35<\/strong><\/li><\/ul>\n\n\n\n<p><strong>3. Dost\u0119p do dokumentacji<\/strong><\/p>\n\n\n\n<ul><li>Na \u017cyczenie udost\u0119pniamy wzorce um\u00f3w, cenniki oraz regulaminy w formatach dost\u0119pnych dla os\u00f3b niewidomych i s\u0142abowidz\u0105cych (druk powi\u0119kszony, wersja elektroniczna edytowalna lub wydruk brajem &#8211; dost\u0119pne w ci\u0105gu 30 dni).<\/li><\/ul>\n\n\n\n<p><strong>Zapraszamy do kontaktu:<\/strong><\/p>\n\n\n\n<ul><li>Telefon: <strong>500636435<\/strong><\/li><li>E-mail: <strong>bok@hispeed.pl<\/strong><\/li><\/ul>\n","protected":false},"excerpt":{"rendered":"<p>Udogodnienia dla os\u00f3b z niepe\u0142nosprawno\u015bciami D\u0105\u017cymy do zapewnienia pe\u0142nego i r\u00f3wnego dost\u0119pu do naszych us\u0142ug dla wszystkich klient\u00f3w. Zgodnie z Rozporz\u0105dzeniem Ministra Administracji i Cyfryzacji z dnia 26 marca 2014 r., nasze Biuro Obs\u0142ugi Klienta (BOK) zosta\u0142o wyposa\u017cone w nast\u0119puj\u0105ce udogodnienia: 1. Obs\u0142uga os\u00f3b s\u0142abos\u0142ysz\u0105cych i nies\u0142ysz\u0105cych P\u0119tla indukcyjna: Nasze stanowisko obs\u0142ugi posiada stacjonarn\u0105 p\u0119tl\u0119 [&hellip;]<\/p>\n","protected":false},"author":1,"featured_media":0,"parent":0,"menu_order":0,"comment_status":"closed","ping_status":"closed","template":"","meta":[],"_links":{"self":[{"href":"http:\/\/www.hispeed.pl\/index.php?rest_route=\/wp\/v2\/pages\/338"}],"collection":[{"href":"http:\/\/www.hispeed.pl\/index.php?rest_route=\/wp\/v2\/pages"}],"about":[{"href":"http:\/\/www.hispeed.pl\/index.php?rest_route=\/wp\/v2\/types\/page"}],"author":[{"embeddable":true,"href":"http:\/\/www.hispeed.pl\/index.php?rest_route=\/wp\/v2\/users\/1"}],"replies":[{"embeddable":true,"href":"http:\/\/www.hispeed.pl\/index.php?rest_route=%2Fwp%2Fv2%2Fcomments&post=338"}],"version-history":[{"count":2,"href":"http:\/\/www.hispeed.pl\/index.php?rest_route=\/wp\/v2\/pages\/338\/revisions"}],"predecessor-version":[{"id":342,"href":"http:\/\/www.hispeed.pl\/index.php?rest_route=\/wp\/v2\/pages\/338\/revisions\/342"}],"wp:attachment":[{"href":"http:\/\/www.hispeed.pl\/index.php?rest_route=%2Fwp%2Fv2%2Fmedia&parent=338"}],"curies":[{"name":"wp","href":"https:\/\/api.w.org\/{rel}","templated":true}]}}