{"id":43,"date":"2017-04-15T10:22:17","date_gmt":"2017-04-15T08:22:17","guid":{"rendered":"http:\/\/wp.hispeed.pl\/?page_id=43"},"modified":"2023-02-05T11:34:16","modified_gmt":"2023-02-05T10:34:16","slug":"internet-radiowy","status":"publish","type":"page","link":"http:\/\/www.hispeed.pl\/?page_id=43","title":{"rendered":"Internet kablowy &#8211; Jurata"},"content":{"rendered":"<div class=\"panel panel-default\">\n<div class=\"panel-heading\">\n<h3><u>Internet kablowy dla klient\u00f3w indywidualnych w Juracie, op\u0142aty miesi\u0119czne:<\/u><\/h3>\n<\/div>\n<div class=\"panel-body\">\n<table class=\"table\">\n<tbody>\n<tr>\n<td><strong>Taryfa<\/strong><\/td>\n<td><strong>Pobieranie max<\/strong><\/td>\n<td><strong>Wysy\u0142anie max<\/strong><\/td>\n<td><strong>Cena brutto<\/strong><\/td>\n<\/tr>\n<tr>\n<td>MIDI-SPEED<\/td>\n<td>8Mbps<\/td>\n<td>8Mbps<\/td>\n<td>48 z\u0142<\/td>\n<\/tr>\n<tr>\n<td>MIDI-SPEED+<\/td>\n<td>10Mbps<\/td>\n<td>10Mbps<\/td>\n<td>50 z\u0142<\/td>\n<\/tr>\n<tr>\n<td>FULL-SPEED<\/td>\n<td>16Mbps<\/td>\n<td>16Mbps<\/td>\n<td>65 z\u0142<\/td>\n<\/tr>\n<\/tbody>\n<\/table>\n<p>1) ka\u017cdy u\u017cytkownik otrzymuje sta\u0142y publiczny adres IP<\/p>\n<p>2) nie ograniczamy ilo\u015bci pod\u0142\u0105czonych komputer\u00f3w w ramach jednego lokalu na jednym abonamencie<\/p>\n<p><span style=\"text-decoration: underline;\"><strong>INSTALACJA = 1z\u0142<\/strong><\/span><\/p>\n<p><strong>Oferta dla klient\u00f3w biznesowych jest ustalana indywidualnie i dopasowywana do potrzeb prowadzonej dzia\u0142alno\u015bci. W celu wyceny us\u0142ugi biznesowej prosimy o kontakt.<\/strong><\/p>\n<\/div>\n<\/div>\n","protected":false},"excerpt":{"rendered":"<p>Internet kablowy dla klient\u00f3w indywidualnych w Juracie, op\u0142aty miesi\u0119czne: Taryfa Pobieranie max Wysy\u0142anie max Cena brutto MIDI-SPEED 8Mbps 8Mbps 48 z\u0142 MIDI-SPEED+ 10Mbps 10Mbps 50 z\u0142 FULL-SPEED 16Mbps 16Mbps 65 z\u0142 1) ka\u017cdy u\u017cytkownik otrzymuje sta\u0142y publiczny adres IP 2) nie ograniczamy ilo\u015bci pod\u0142\u0105czonych komputer\u00f3w w ramach jednego lokalu na jednym abonamencie INSTALACJA = 1z\u0142 [&hellip;]<\/p>\n","protected":false},"author":1,"featured_media":0,"parent":10,"menu_order":0,"comment_status":"closed","ping_status":"closed","template":"","meta":[],"_links":{"self":[{"href":"http:\/\/www.hispeed.pl\/index.php?rest_route=\/wp\/v2\/pages\/43"}],"collection":[{"href":"http:\/\/www.hispeed.pl\/index.php?rest_route=\/wp\/v2\/pages"}],"about":[{"href":"http:\/\/www.hispeed.pl\/index.php?rest_route=\/wp\/v2\/types\/page"}],"author":[{"embeddable":true,"href":"http:\/\/www.hispeed.pl\/index.php?rest_route=\/wp\/v2\/users\/1"}],"replies":[{"embeddable":true,"href":"http:\/\/www.hispeed.pl\/index.php?rest_route=%2Fwp%2Fv2%2Fcomments&post=43"}],"version-history":[{"count":5,"href":"http:\/\/www.hispeed.pl\/index.php?rest_route=\/wp\/v2\/pages\/43\/revisions"}],"predecessor-version":[{"id":319,"href":"http:\/\/www.hispeed.pl\/index.php?rest_route=\/wp\/v2\/pages\/43\/revisions\/319"}],"up":[{"embeddable":true,"href":"http:\/\/www.hispeed.pl\/index.php?rest_route=\/wp\/v2\/pages\/10"}],"wp:attachment":[{"href":"http:\/\/www.hispeed.pl\/index.php?rest_route=%2Fwp%2Fv2%2Fmedia&parent=43"}],"curies":[{"name":"wp","href":"https:\/\/api.w.org\/{rel}","templated":true}]}}