{"id":82,"date":"2017-04-15T10:40:45","date_gmt":"2017-04-15T08:40:45","guid":{"rendered":"http:\/\/wp.hispeed.pl\/?page_id=82"},"modified":"2026-04-09T11:08:55","modified_gmt":"2026-04-09T09:08:55","slug":"regulaminy-i-cenniki","status":"publish","type":"page","link":"http:\/\/www.hispeed.pl\/?page_id=82","title":{"rendered":"Regulaminy i cenniki"},"content":{"rendered":"\n<p><a href=\"http:\/\/www.hispeed.pl\/download\/regulamin.pdf\" target=\"_blank\" rel=\"noopener\">Regulamin us\u0142ug telekomunikacyjnych<\/a><\/p>\n\n\n\n<p><a href=\"http:\/\/www.hispeed.pl\/download\/cennik.pdf\" target=\"_blank\" rel=\"noopener\">Cennik us\u0142ug serwisowych, cennik us\u0142ug dodatkowych (klienci indywidualni)<\/a><\/p>\n\n\n\n<p><\/p>\n","protected":false},"excerpt":{"rendered":"<p>Regulamin us\u0142ug telekomunikacyjnych Cennik us\u0142ug serwisowych, cennik us\u0142ug dodatkowych (klienci indywidualni)<\/p>\n","protected":false},"author":1,"featured_media":0,"parent":0,"menu_order":0,"comment_status":"closed","ping_status":"closed","template":"","meta":[],"_links":{"self":[{"href":"http:\/\/www.hispeed.pl\/index.php?rest_route=\/wp\/v2\/pages\/82"}],"collection":[{"href":"http:\/\/www.hispeed.pl\/index.php?rest_route=\/wp\/v2\/pages"}],"about":[{"href":"http:\/\/www.hispeed.pl\/index.php?rest_route=\/wp\/v2\/types\/page"}],"author":[{"embeddable":true,"href":"http:\/\/www.hispeed.pl\/index.php?rest_route=\/wp\/v2\/users\/1"}],"replies":[{"embeddable":true,"href":"http:\/\/www.hispeed.pl\/index.php?rest_route=%2Fwp%2Fv2%2Fcomments&post=82"}],"version-history":[{"count":6,"href":"http:\/\/www.hispeed.pl\/index.php?rest_route=\/wp\/v2\/pages\/82\/revisions"}],"predecessor-version":[{"id":354,"href":"http:\/\/www.hispeed.pl\/index.php?rest_route=\/wp\/v2\/pages\/82\/revisions\/354"}],"wp:attachment":[{"href":"http:\/\/www.hispeed.pl\/index.php?rest_route=%2Fwp%2Fv2%2Fmedia&parent=82"}],"curies":[{"name":"wp","href":"https:\/\/api.w.org\/{rel}","templated":true}]}}