{"id":92,"date":"2017-04-17T11:16:57","date_gmt":"2017-04-17T09:16:57","guid":{"rendered":"http:\/\/wp.hispeed.pl\/?page_id=92"},"modified":"2021-06-17T09:50:00","modified_gmt":"2021-06-17T07:50:00","slug":"internet-radiowy-2","status":"publish","type":"page","link":"http:\/\/www.hispeed.pl\/?page_id=92","title":{"rendered":"Internet radiowy"},"content":{"rendered":"<h3><u>Internet radiowy dla klient\u00f3w indywidualnych, op\u0142aty miesi\u0119czne:<\/u><\/h3>\n<h2>Dla um\u00f3w zawartych od 1.11.2018<\/h2>\n<p><b>Zasi\u0119g: Hel, Jurata, Jastarnia, Ku\u017anica, W\u0142adys\u0142awowo<\/b><\/p>\n<table class=\"table\">\n<tbody>\n<tr>\n<td><span style=\"background-color: #ffffff;\"><strong>Pobieranie max<\/strong><\/span><\/td>\n<td><strong>Wysy\u0142anie max<\/strong><\/td>\n<td><strong>Cena brutto<\/strong><\/td>\n<\/tr>\n<tr>\n<td>4Mbps<\/td>\n<td>1Mbps<\/td>\n<td>37 z\u0142<\/td>\n<\/tr>\n<tr>\n<td>10Mbps<\/td>\n<td>2Mbps<\/td>\n<td>50 z\u0142<\/td>\n<\/tr>\n<tr>\n<td>20Mbps<\/td>\n<td>4Mbps<\/td>\n<td>65 z\u0142<\/td>\n<\/tr>\n<tr>\n<td>30Mbps<\/td>\n<td>5Mbps<\/td>\n<td>80 z\u0142<\/td>\n<\/tr>\n<tr>\n<td>50Mbps<\/td>\n<td>5Mbps<\/td>\n<td>100 z\u0142<\/td>\n<\/tr>\n<\/tbody>\n<\/table>\n<ul>\n<li>przed podpisaniem umowy wymagane jest sprawdzenie mo\u017cliwo\u015bci technicznych<\/li>\n<li>koszt instalacji = 250 z\u0142, sprz\u0119t radiowy pozostaje w\u0142asno\u015bci\u0105 operatora<\/li>\n<li>koszt instalacji nie zawiera routera Wi-Fi<\/li>\n<li>umowa zawierana na czas okre\u015blony 2 lata<\/li>\n<\/ul>\n<p><strong>Oferta dla klient\u00f3w biznesowych jest ustalana indywidualnie i dopasowywana do potrzeb prowadzonej dzia\u0142alno\u015bci. W celu wyceny us\u0142ugi biznesowej prosimy o kontakt.<\/strong><\/p>\n","protected":false},"excerpt":{"rendered":"<p>Internet radiowy dla klient\u00f3w indywidualnych, op\u0142aty miesi\u0119czne: Dla um\u00f3w zawartych od 1.11.2018 Zasi\u0119g: Hel, Jurata, Jastarnia, Ku\u017anica, W\u0142adys\u0142awowo Pobieranie max Wysy\u0142anie max Cena brutto 4Mbps 1Mbps 37 z\u0142 10Mbps 2Mbps 50 z\u0142 20Mbps 4Mbps 65 z\u0142 30Mbps 5Mbps 80 z\u0142 50Mbps 5Mbps 100 z\u0142 przed podpisaniem umowy wymagane jest sprawdzenie mo\u017cliwo\u015bci technicznych koszt instalacji = [&hellip;]<\/p>\n","protected":false},"author":1,"featured_media":0,"parent":10,"menu_order":0,"comment_status":"closed","ping_status":"closed","template":"","meta":[],"_links":{"self":[{"href":"http:\/\/www.hispeed.pl\/index.php?rest_route=\/wp\/v2\/pages\/92"}],"collection":[{"href":"http:\/\/www.hispeed.pl\/index.php?rest_route=\/wp\/v2\/pages"}],"about":[{"href":"http:\/\/www.hispeed.pl\/index.php?rest_route=\/wp\/v2\/types\/page"}],"author":[{"embeddable":true,"href":"http:\/\/www.hispeed.pl\/index.php?rest_route=\/wp\/v2\/users\/1"}],"replies":[{"embeddable":true,"href":"http:\/\/www.hispeed.pl\/index.php?rest_route=%2Fwp%2Fv2%2Fcomments&post=92"}],"version-history":[{"count":9,"href":"http:\/\/www.hispeed.pl\/index.php?rest_route=\/wp\/v2\/pages\/92\/revisions"}],"predecessor-version":[{"id":295,"href":"http:\/\/www.hispeed.pl\/index.php?rest_route=\/wp\/v2\/pages\/92\/revisions\/295"}],"up":[{"embeddable":true,"href":"http:\/\/www.hispeed.pl\/index.php?rest_route=\/wp\/v2\/pages\/10"}],"wp:attachment":[{"href":"http:\/\/www.hispeed.pl\/index.php?rest_route=%2Fwp%2Fv2%2Fmedia&parent=92"}],"curies":[{"name":"wp","href":"https:\/\/api.w.org\/{rel}","templated":true}]}}